{"id":4141,"date":"2022-02-01T10:02:03","date_gmt":"2022-02-01T09:02:03","guid":{"rendered":"https:\/\/www.loewensonne.de\/?post_type=product&#038;p=4141"},"modified":"2022-02-03T09:05:22","modified_gmt":"2022-02-03T08:05:22","slug":"johanniskrautoel","status":"publish","type":"product","link":"https:\/\/www.loewensonne.de\/wordpress\/produkt\/johanniskrautoel\/","title":{"rendered":"Johanniskraut\u00f6l"},"content":{"rendered":"<h1>Johanniskraut\u00f6l mit Rot\u00f6l<\/h1>\n<p><strong>Haut\u00f6l<\/strong><\/p>\n<ul class=\"tp_ebay_liste_kosmetik\">\n<li>Hergestellt in Handarbeit<\/li>\n<li>Hochwertiger Bl\u00fctenauszug aus Johanniskraut<\/li>\n<li>klassisches Mazerat rein mit der Energie der Sonne<\/li>\n<\/ul>\n<p class=\".margin-bottom-1\"><strong class=\"margin-bottom-1\">100% naturreines Johanniskraut Bl\u00fcten\u00f6l<\/strong><\/p>\n<div class=\"tp_ebay_liste_kosmetik-beschreibung\">\n<ul>\n<li>f\u00fcr die allgemeine Basispflege<\/li>\n<li>w\u00e4rmend bei einer Massage<\/li>\n<li>lindernd bei Sonnenbrand<\/li>\n<li>besonders wertvoll f\u00fcr anspruchsvolle und trockene Haut<\/li>\n<\/ul>\n<\/div>\n<p class=\"margin-bottom-1\"><strong>Herstellung:<\/strong> Die Pflanzenteile &#8211; ausschlie\u00dflich Bl\u00fcten &#8211; werden mit Bio-Oliven\u00f6l angesetzt. Nach und nach gehen dann die pflanzeneigenen \u00d6le des Johanniskraut in das Tr\u00e4ger\u00f6l \u00fcber. Diese Kaltextraktion ist besonders schonend, es werden keine chemischen Mittel verwendet.<\/p>\n<p class=\"margin-bottom-1\">\u00a0 \u00a0Das Pflege\u00f6l wirkt lindernd und ausgleichend bei trockener und rissiger Haut. Es spendet die w\u00e4rme des Sommers bei einer Massage und verw\u00f6hnt mit seinem s\u00fc\u00dflichen Duft. Sehr gut hautvertr\u00e4glich durch nat\u00fcrliche Inhaltsstoffe.<\/p>\n<p class=\"margin-bottom-1\"><strong>Anwendung:<\/strong> Auf die leicht feuchte Haut auftragen und sanft einmassieren<\/p>\n<p class=\"margin-bottom-1\"><strong>Bestandteile:<\/strong> Oliven\u00f6l nativ, Auszug von Johanniskrautbl\u00fcten in Oliven\u00f6l nativ<\/p>\n<p class=\"margin-bottom-1\"><strong>lngredients (INCI):<\/strong> Olea Europaea Oil, Hypericum Perforatum Flower Extract<\/p>\n<p>&nbsp;<\/p>\n<p>&nbsp;<\/p>\n","protected":false},"excerpt":{"rendered":"<h1>Johanniskraut\u00f6l 100ml<\/h1>\n","protected":false},"featured_media":4266,"template":"","meta":{"_crdt_document":"","_uag_custom_page_level_css":""},"product_brand":[],"product_cat":[37],"product_tag":[],"class_list":{"0":"post-4141","1":"product","2":"type-product","3":"status-publish","4":"has-post-thumbnail","6":"product_cat-hautoel","8":"first","9":"instock","10":"shipping-taxable","11":"purchasable","12":"product-type-simple"},"uagb_featured_image_src":{"full":["https:\/\/www.loewensonne.de\/wordpress\/wp-content\/uploads\/Ebay_Johanniskrautoel-Masonry_003.jpg",1200,800,false],"thumbnail":["https:\/\/www.loewensonne.de\/wordpress\/wp-content\/uploads\/Ebay_Johanniskrautoel-Masonry_003-150x150.jpg",150,150,true],"medium":["https:\/\/www.loewensonne.de\/wordpress\/wp-content\/uploads\/Ebay_Johanniskrautoel-Masonry_003-300x200.jpg",300,200,true],"medium_large":["https:\/\/www.loewensonne.de\/wordpress\/wp-content\/uploads\/Ebay_Johanniskrautoel-Masonry_003-768x512.jpg",640,427,true],"large":["https:\/\/www.loewensonne.de\/wordpress\/wp-content\/uploads\/Ebay_Johanniskrautoel-Masonry_003-1024x683.jpg",640,427,true],"1536x1536":["https:\/\/www.loewensonne.de\/wordpress\/wp-content\/uploads\/Ebay_Johanniskrautoel-Masonry_003.jpg",1200,800,false],"2048x2048":["https:\/\/www.loewensonne.de\/wordpress\/wp-content\/uploads\/Ebay_Johanniskrautoel-Masonry_003.jpg",1200,800,false],"mailpoet_newsletter_max":["https:\/\/www.loewensonne.de\/wordpress\/wp-content\/uploads\/Ebay_Johanniskrautoel-Masonry_003.jpg",1200,800,false],"woocommerce_thumbnail":["https:\/\/www.loewensonne.de\/wordpress\/wp-content\/uploads\/Ebay_Johanniskrautoel-Masonry_003-300x225.jpg",300,225,true],"woocommerce_single":["https:\/\/www.loewensonne.de\/wordpress\/wp-content\/uploads\/Ebay_Johanniskrautoel-Masonry_003-600x400.jpg",600,400,true],"woocommerce_gallery_thumbnail":["https:\/\/www.loewensonne.de\/wordpress\/wp-content\/uploads\/Ebay_Johanniskrautoel-Masonry_003-100x100.jpg",100,100,true]},"uagb_author_info":{"display_name":"ZdvqJjf48y9Crc6i","author_link":"https:\/\/www.loewensonne.de\/wordpress\/author\/"},"uagb_comment_info":0,"uagb_excerpt":"Johanniskraut\u00f6l 100ml","jetpack_sharing_enabled":true,"_links":{"self":[{"href":"https:\/\/www.loewensonne.de\/wordpress\/wp-json\/wp\/v2\/product\/4141","targetHints":{"allow":["GET"]}}],"collection":[{"href":"https:\/\/www.loewensonne.de\/wordpress\/wp-json\/wp\/v2\/product"}],"about":[{"href":"https:\/\/www.loewensonne.de\/wordpress\/wp-json\/wp\/v2\/types\/product"}],"wp:featuredmedia":[{"embeddable":true,"href":"https:\/\/www.loewensonne.de\/wordpress\/wp-json\/wp\/v2\/media\/4266"}],"wp:attachment":[{"href":"https:\/\/www.loewensonne.de\/wordpress\/wp-json\/wp\/v2\/media?parent=4141"}],"wp:term":[{"taxonomy":"product_brand","embeddable":true,"href":"https:\/\/www.loewensonne.de\/wordpress\/wp-json\/wp\/v2\/product_brand?post=4141"},{"taxonomy":"product_cat","embeddable":true,"href":"https:\/\/www.loewensonne.de\/wordpress\/wp-json\/wp\/v2\/product_cat?post=4141"},{"taxonomy":"product_tag","embeddable":true,"href":"https:\/\/www.loewensonne.de\/wordpress\/wp-json\/wp\/v2\/product_tag?post=4141"}],"curies":[{"name":"wp","href":"https:\/\/api.w.org\/{rel}","templated":true}]}}