{"id":2858,"date":"2021-07-04T14:05:09","date_gmt":"2021-07-04T12:05:09","guid":{"rendered":"https:\/\/www.loewensonne.de\/?page_id=2858"},"modified":"2022-10-05T22:02:14","modified_gmt":"2022-10-05T20:02:14","slug":"johanniskrautoel","status":"publish","type":"page","link":"https:\/\/www.loewensonne.de\/wordpress\/johanniskrautoel\/","title":{"rendered":"Johanniskraut\u00f6l"},"content":{"rendered":"\n<div style=\"height:5rem\" aria-hidden=\"true\" class=\"wp-block-spacer\"><\/div>\n\n\n\n<div class=\"wp-block-ainoblocks-grid-container ab-grid-block\">\n<div class=\"wp-block-ainoblocks-grid-item col_start_d__1 col_end_d__10 col_start_t__1 col_end_t__13 col_start_m__1 col_end_m__13 no-stacking align-self__start justify-self__start\">\n<figure class=\"wp-block-image size-large is-style-default\"><img fetchpriority=\"high\" decoding=\"async\" width=\"1024\" height=\"267\" src=\"https:\/\/www.loewensonne.de\/wordpress\/wp-content\/uploads\/Loewensonne-Johanniskaut-letter-425-1024x267.png\" alt=\"\" class=\"wp-image-4080\" srcset=\"https:\/\/www.loewensonne.de\/wordpress\/wp-content\/uploads\/Loewensonne-Johanniskaut-letter-425-1024x267.png 1024w, https:\/\/www.loewensonne.de\/wordpress\/wp-content\/uploads\/Loewensonne-Johanniskaut-letter-425-600x157.png 600w, https:\/\/www.loewensonne.de\/wordpress\/wp-content\/uploads\/Loewensonne-Johanniskaut-letter-425-300x78.png 300w, https:\/\/www.loewensonne.de\/wordpress\/wp-content\/uploads\/Loewensonne-Johanniskaut-letter-425-768x201.png 768w, https:\/\/www.loewensonne.de\/wordpress\/wp-content\/uploads\/Loewensonne-Johanniskaut-letter-425-1536x401.png 1536w, https:\/\/www.loewensonne.de\/wordpress\/wp-content\/uploads\/Loewensonne-Johanniskaut-letter-425-1320x345.png 1320w, https:\/\/www.loewensonne.de\/wordpress\/wp-content\/uploads\/Loewensonne-Johanniskaut-letter-425.png 1627w\" sizes=\"(max-width: 1024px) 100vw, 1024px\" \/><\/figure>\n<\/div>\n\n\n\n<div class=\"wp-block-ainoblocks-grid-item col_start_d__8 col_end_d__13 col_start_t__3 col_end_t__10 col_start_m__3 col_end_m__10 no-stacking mt_d__-5 mb_m__0 align-self__start justify-self__start\">\n<figure class=\"wp-block-image size-full is-style-default\"><img decoding=\"async\" width=\"425\" height=\"127\" src=\"https:\/\/www.loewensonne.de\/wordpress\/wp-content\/uploads\/Loewensonne-Hautoel-letter-425.png\" alt=\"\" class=\"wp-image-4062\" srcset=\"https:\/\/www.loewensonne.de\/wordpress\/wp-content\/uploads\/Loewensonne-Hautoel-letter-425.png 425w, https:\/\/www.loewensonne.de\/wordpress\/wp-content\/uploads\/Loewensonne-Hautoel-letter-425-300x90.png 300w\" sizes=\"(max-width: 425px) 100vw, 425px\" \/><\/figure>\n<\/div>\n<\/div>\n\n\n\n<div style=\"height:5rem\" aria-hidden=\"true\" class=\"wp-block-spacer\"><\/div>\n\n\n\n<div class=\"wp-block-cover is-light\" style=\"min-height:40vh;aspect-ratio:unset;\"><span aria-hidden=\"true\" class=\"wp-block-cover__background has-white-background-color has-background-dim-60 has-background-dim\"><\/span><img decoding=\"async\" width=\"332\" height=\"800\" class=\"wp-block-cover__image-background wp-image-4063\" alt=\"\" src=\"https:\/\/www.loewensonne.de\/wordpress\/wp-content\/uploads\/Loewensonne-Johanniskrautoel-100ml-4-single.png\" style=\"object-position:51% 19%\" data-object-fit=\"cover\" data-object-position=\"51% 19%\" srcset=\"https:\/\/www.loewensonne.de\/wordpress\/wp-content\/uploads\/Loewensonne-Johanniskrautoel-100ml-4-single.png 332w, https:\/\/www.loewensonne.de\/wordpress\/wp-content\/uploads\/Loewensonne-Johanniskrautoel-100ml-4-single-125x300.png 125w\" sizes=\"(max-width: 332px) 100vw, 332px\" \/><div class=\"wp-block-cover__inner-container is-layout-flow wp-block-cover-is-layout-flow\"><div class=\"wp-block-image is-style-default\">\n<figure class=\"aligncenter size-full is-resized\"><img loading=\"lazy\" decoding=\"async\" src=\"https:\/\/www.loewensonne.de\/wordpress\/wp-content\/uploads\/Loewensonne-Johanniskrautoel-100ml-4-single.png\" alt=\"\" class=\"wp-image-4063\" width=\"249\" height=\"600\" srcset=\"https:\/\/www.loewensonne.de\/wordpress\/wp-content\/uploads\/Loewensonne-Johanniskrautoel-100ml-4-single.png 332w, https:\/\/www.loewensonne.de\/wordpress\/wp-content\/uploads\/Loewensonne-Johanniskrautoel-100ml-4-single-125x300.png 125w\" sizes=\"(max-width: 249px) 100vw, 249px\" \/><\/figure>\n<\/div>\n\n\n<div style=\"height:50px\" aria-hidden=\"true\" class=\"wp-block-spacer\"><\/div>\n\n\n\n<p class=\"has-text-align-center has-black-color has-text-color has-large-font-size wp-block-paragraph\">intensiv und kraftvoll \u2013 das Johanniskraut Haut\u00f6l von L\u00f6wensonne<\/p>\n\n\n\n<div style=\"height:100px\" aria-hidden=\"true\" class=\"wp-block-spacer\"><\/div>\n\n\n\n<p class=\"has-text-align-center has-text-one-color has-text-color has-medium-font-size wp-block-paragraph\">in der 100ml Opal-Glasflasche<\/p>\n<\/div><\/div>\n\n\n\n<div style=\"height:200px\" aria-hidden=\"true\" class=\"wp-block-spacer\"><\/div>\n\n\n\n<div class=\"wp-block-columns alignwide is-layout-flex wp-container-core-columns-is-layout-8f761849 wp-block-columns-is-layout-flex\">\n<div class=\"wp-block-column is-vertically-aligned-top is-layout-flow wp-block-column-is-layout-flow\">\n<div class=\"wp-block-uagb-info-box uagb-block-16d83f16 uagb-infobox__content-wrap  uagb-infobox_cta-type-all uagb-infobox-icon-above-title uagb-infobox-image-valign-top\"><a href=\"\" class=\"uagb-infobox-link-wrap uagb-infbox__link-to-all\" target=\"_self\" aria-label=\"Infobox Link\" rel=\"noopener noreferrer\"><\/a><div class=\"uagb-ifb-content\"><div class=\"uagb-ifb-image-content\"><img decoding=\"async\" src=\"https:\/\/www.loewensonne.de\/wordpress\/wp-content\/uploads\/L\u00d6WENSONNE_LOGO_RZ-1-300x114.png\" alt=\"\" \/><\/div><div class=\"uagb-ifb-title-wrap\"><h3 class=\"uagb-ifb-title\">Basishaut\u00f6l<\/h3><\/div><div class=\"uagb-ifb-separator\"><\/div><p class=\"uagb-ifb-desc\">intensiv pflegend<\/p><div class=\"uagb-ifb-button-wrapper wp-block-button\"><\/div><\/div><\/div>\n<\/div>\n\n\n\n<div class=\"wp-block-column is-layout-flow wp-block-column-is-layout-flow\">\n<div class=\"wp-block-uagb-info-box uagb-block-cdb4fb39 uagb-infobox__content-wrap  uagb-infobox_cta-type-all uagb-infobox-icon-above-title uagb-infobox-image-valign-top\"><a href=\"\" class=\"uagb-infobox-link-wrap uagb-infbox__link-to-all\" target=\"_self\" aria-label=\"Infobox Link\" rel=\"noopener noreferrer\"><\/a><div class=\"uagb-ifb-content\"><div class=\"uagb-ifb-image-content\"><img decoding=\"async\" src=\"https:\/\/www.loewensonne.de\/wordpress\/wp-content\/uploads\/L\u00d6WENSONNE_LOGO_RZ-1-300x114.png\" alt=\"\" \/><\/div><div class=\"uagb-ifb-title-wrap\"><h3 class=\"uagb-ifb-title\">Massage<\/h3><\/div><div class=\"uagb-ifb-separator\"><\/div><p class=\"uagb-ifb-desc\">w\u00e4rmende Tiefenwirkung<\/p><div class=\"uagb-ifb-button-wrapper wp-block-button\"><\/div><\/div><\/div>\n<\/div>\n\n\n\n<div class=\"wp-block-column is-layout-flow wp-block-column-is-layout-flow\">\n<div class=\"wp-block-uagb-info-box uagb-block-4ef8436e uagb-infobox__content-wrap  uagb-infobox_cta-type-all uagb-infobox-icon-above-title uagb-infobox-image-valign-top\"><a href=\"\" class=\"uagb-infobox-link-wrap uagb-infbox__link-to-all\" target=\"_self\" aria-label=\"Infobox Link\" rel=\"noopener noreferrer\"><\/a><div class=\"uagb-ifb-content\"><div class=\"uagb-ifb-image-content\"><img decoding=\"async\" src=\"https:\/\/www.loewensonne.de\/wordpress\/wp-content\/uploads\/L\u00d6WENSONNE_LOGO_RZ-1-300x114.png\" alt=\"\" \/><\/div><div class=\"uagb-ifb-title-wrap\"><h3 class=\"uagb-ifb-title\">Aftersun<\/h3><\/div><div class=\"uagb-ifb-separator\"><\/div><p class=\"uagb-ifb-desc\">lindernde Wirkung nach einem Sonnenbad<\/p><div class=\"uagb-ifb-button-wrapper wp-block-button\"><\/div><\/div><\/div>\n<\/div>\n<\/div>\n\n\n\n<div style=\"height:200px\" aria-hidden=\"true\" class=\"wp-block-spacer\"><\/div>\n\n\n\n<div class=\"wp-block-cover alignfull is-light\" style=\"min-height:30vh;aspect-ratio:unset;\"><span aria-hidden=\"true\" class=\"wp-block-cover__background has-white-background-color has-background-dim-20 has-background-dim\"><\/span><img loading=\"lazy\" decoding=\"async\" width=\"825\" height=\"1031\" class=\"wp-block-cover__image-background wp-image-2759\" alt=\"\" src=\"https:\/\/www.loewensonne.de\/wordpress\/wp-content\/uploads\/Loewensonne-Johanniskrautpflanze-Bluete-Qualitaet-Beginn-Juni-2020.jpg\" style=\"object-position:75% 62%\" data-object-fit=\"cover\" data-object-position=\"75% 62%\" srcset=\"https:\/\/www.loewensonne.de\/wordpress\/wp-content\/uploads\/Loewensonne-Johanniskrautpflanze-Bluete-Qualitaet-Beginn-Juni-2020.jpg 825w, https:\/\/www.loewensonne.de\/wordpress\/wp-content\/uploads\/Loewensonne-Johanniskrautpflanze-Bluete-Qualitaet-Beginn-Juni-2020-600x750.jpg 600w, https:\/\/www.loewensonne.de\/wordpress\/wp-content\/uploads\/Loewensonne-Johanniskrautpflanze-Bluete-Qualitaet-Beginn-Juni-2020-240x300.jpg 240w, https:\/\/www.loewensonne.de\/wordpress\/wp-content\/uploads\/Loewensonne-Johanniskrautpflanze-Bluete-Qualitaet-Beginn-Juni-2020-819x1024.jpg 819w, https:\/\/www.loewensonne.de\/wordpress\/wp-content\/uploads\/Loewensonne-Johanniskrautpflanze-Bluete-Qualitaet-Beginn-Juni-2020-768x960.jpg 768w\" sizes=\"(max-width: 825px) 100vw, 825px\" \/><div class=\"wp-block-cover__inner-container is-layout-flow wp-block-cover-is-layout-flow\">\n<p class=\"has-text-align-center has-large-font-size wp-block-paragraph\"><\/p>\n<\/div><\/div>\n\n\n\n<div style=\"height:200px\" aria-hidden=\"true\" class=\"wp-block-spacer\"><\/div>\n\n\n\n<div class=\"wp-block-ainoblocks-grid-container ab-grid-block alignwide\">\n<div class=\"wp-block-ainoblocks-grid-item col_start_d__1 col_end_d__3 col_start_t__1 col_end_t__7 col_start_m__1 col_end_m__7 no-stacking align-self__start justify-self__start\"><\/div>\n\n\n\n<div class=\"wp-block-ainoblocks-grid-item col_start_d__3 col_end_d__11 col_start_t__1 col_end_t__13 col_start_m__1 col_end_m__13 no-stacking align-self__start justify-self__start\">\n<div class=\"wp-block-uagb-tabs uagb-block-f87c9b8d uagb-tabs__wrap uagb-tabs__hstyle3-desktop uagb-tabs__vstyle6-tablet uagb-tabs__vstyle6-mobile\" data-tab-active=\"0\"><ul class=\"uagb-tabs__panel uagb-tabs__align-left\"><li class=\"uagb-tab uagb-tabs__active\"><a href=\"#uagb-tabs__tab0\" class=\"uagb-tabs-list uagb-tabs__icon-position-left\" data-tab=\"0\">Die Inhaltsstoffe<\/a><\/li><li class=\"uagb-tab \"><a href=\"#uagb-tabs__tab1\" class=\"uagb-tabs-list uagb-tabs__icon-position-left\" data-tab=\"1\">Herstellung<\/a><\/li><li class=\"uagb-tab \"><a href=\"#uagb-tabs__tab2\" class=\"uagb-tabs-list uagb-tabs__icon-position-left\" data-tab=\"2\">Anwendung<\/a><\/li><\/ul><div class=\"uagb-tabs__body-wrap\">\n<div class=\"wp-block-uagb-tabs-child uagb-tabs__body-container uagb-inner-tab-0 uagb-tabs__inner-tab uagb-inner-tab-1\" aria-labelledby=\"uagb-tabs__tab0\">\n<p class=\"wp-block-paragraph\"><\/p>\n\n\n\n<p class=\"wp-block-paragraph\"><strong>INCL&nbsp;(Inhaltsstoffe):&nbsp;<\/strong>oleum olivae (Oliven\u00f6l), hypericum perforatum (Johanniskraut)<\/p>\n<\/div>\n\n\n\n<div class=\"wp-block-uagb-tabs-child uagb-tabs__body-container uagb-inner-tab-1 uagb-tabs__inner-tab uagb-inner-tab-0\" aria-labelledby=\"uagb-tabs__tab1\">\n<p class=\"wp-block-paragraph\"><\/p>\n\n\n\n<p class=\"wp-block-paragraph\"><strong>Mazeration:&nbsp;<\/strong>&nbsp;Die Pflanzenteile (ausschlie\u00dflich Bl\u00fcten) werden mit hochwertigem Oliven\u00f6l (Bioqualit\u00e4t) angesetzt. Nach und nach gehen dann die Inhaltsstoffe des Johanniskrauts in das Tr\u00e4ger\u00f6l \u00fcber (Kaltextraktion). Es werden keine chemischen Mittel verwendet.<\/p>\n<\/div>\n\n\n\n<div class=\"wp-block-uagb-tabs-child uagb-tabs__body-container uagb-inner-tab-2 uagb-tabs__inner-tab\" aria-labelledby=\"uagb-tabs__tab2\">\n<p class=\"wp-block-paragraph\"><\/p>\n\n\n\n<p class=\"wp-block-paragraph\">Das Pflege\u00f6l wirkt lindernd und ausgleichend bei trockener und rissiger Haut. Es spendet die w\u00e4rme des Sommers bei einer Massage und verw\u00f6hnt mit seinem s\u00fc\u00dflichen Duft. Sehr gut hautvertr\u00e4glich durch nat\u00fcrliche Inhaltsstoffe.<\/p>\n<\/div>\n<\/div><\/div>\n<\/div>\n\n\n\n<div class=\"wp-block-ainoblocks-grid-item col_start_d__11 col_end_d__13 col_start_t__1 col_end_t__7 col_start_m__1 col_end_m__7 no-stacking align-self__start justify-self__start\"><\/div>\n<\/div>\n\n\n\n<div style=\"height:200px\" aria-hidden=\"true\" class=\"wp-block-spacer\"><\/div>\n\n\n\n<div style=\"height:200px\" aria-hidden=\"true\" class=\"wp-block-spacer\"><\/div>\n\n\n\n<h2 class=\"wp-block-heading\" id=\"fragen\">Fragen?<\/h2>\n\n\n\n<div class=\"wp-block-contact-form-7-contact-form-selector\">\n<div class=\"wpcf7 no-js\" id=\"wpcf7-f51-o1\" lang=\"de-DE\" dir=\"ltr\" data-wpcf7-id=\"51\">\n<div class=\"screen-reader-response\"><p role=\"status\" aria-live=\"polite\" aria-atomic=\"true\"><\/p> <ul><\/ul><\/div>\n<form action=\"\/wordpress\/wp-json\/wp\/v2\/pages\/2858#wpcf7-f51-o1\" method=\"post\" class=\"wpcf7-form init\" aria-label=\"Kontaktformular\" novalidate=\"novalidate\" data-status=\"init\">\n<fieldset class=\"hidden-fields-container\"><input type=\"hidden\" name=\"_wpcf7\" value=\"51\" \/><input type=\"hidden\" name=\"_wpcf7_version\" value=\"6.1.5\" \/><input type=\"hidden\" name=\"_wpcf7_locale\" value=\"de_DE\" \/><input type=\"hidden\" name=\"_wpcf7_unit_tag\" value=\"wpcf7-f51-o1\" \/><input type=\"hidden\" name=\"_wpcf7_container_post\" value=\"0\" \/><input type=\"hidden\" name=\"_wpcf7_posted_data_hash\" value=\"\" \/>\n<\/fieldset>\n<p><label> Dein Name (Pflichtfeld)<br \/>\n<span class=\"wpcf7-form-control-wrap\" data-name=\"your-name\"><input size=\"40\" maxlength=\"400\" class=\"wpcf7-form-control wpcf7-text wpcf7-validates-as-required\" aria-required=\"true\" aria-invalid=\"false\" value=\"\" type=\"text\" name=\"your-name\" \/><\/span> <\/label><br \/>\n<span id=\"wpcf7-69e74a083f1b4-wrapper\" class=\"wpcf7-form-control-wrap first-name-wrap\" style=\"display:none !important; visibility:hidden !important;\"><label for=\"wpcf7-69e74a083f1b4-field\" class=\"hp-message\">Bitte lasse dieses Feld leer.<\/label><input id=\"wpcf7-69e74a083f1b4-field\"  class=\"wpcf7-form-control wpcf7-text\" type=\"text\" name=\"first-name\" value=\"\" size=\"40\" tabindex=\"-1\" autocomplete=\"new-password\" \/><\/span><br \/>\n<span id=\"wpcf7-69e74a083f1f5-wrapper\" class=\"wpcf7-form-control-wrap last-name-wrap\" style=\"display:none !important; visibility:hidden !important;\"><label for=\"wpcf7-69e74a083f1f5-field\" class=\"hp-message\">Bitte lasse dieses Feld leer.<\/label><input id=\"wpcf7-69e74a083f1f5-field\"  class=\"wpcf7-form-control wpcf7-text\" type=\"text\" name=\"last-name\" value=\"\" size=\"40\" tabindex=\"-1\" autocomplete=\"new-password\" \/><\/span><br \/>\n<label> Deine E-Mail-Adresse (Pflichtfeld)<br \/>\n<span class=\"wpcf7-form-control-wrap\" data-name=\"your-email\"><input size=\"40\" maxlength=\"400\" class=\"wpcf7-form-control wpcf7-email wpcf7-validates-as-required wpcf7-text wpcf7-validates-as-email\" aria-required=\"true\" aria-invalid=\"false\" value=\"\" type=\"email\" name=\"your-email\" \/><\/span> <\/label>\n<\/p>\n<p><label> Deine Nachricht<br \/>\n<span class=\"wpcf7-form-control-wrap\" data-name=\"your-message\"><textarea cols=\"40\" rows=\"10\" maxlength=\"2000\" class=\"wpcf7-form-control wpcf7-textarea\" aria-invalid=\"false\" name=\"your-message\"><\/textarea><\/span> <\/label>\n<\/p>\n<p><span class=\"wpcf7-form-control-wrap\" data-name=\"acceptance-808\"><span class=\"wpcf7-form-control wpcf7-acceptance\"><span class=\"wpcf7-list-item\"><label><input type=\"checkbox\" name=\"acceptance-808\" value=\"1\" aria-invalid=\"false\" \/><span class=\"wpcf7-list-item-label\">Ich stimme zu, dass meine Angaben aus dem Kontaktformular zur Beantwortung meiner Anfrage erhoben und verarbeitet werden. Die Daten werden nach abgeschlossener Bearbeitung Ihrer Anfrage gel\u00f6scht. Hinweis: Sie k\u00f6nnen Ihre Einwilligung jederzeit f\u00fcr die Zukunft per E-Mail widerrufen. Detaillierte Informationen zum Umgang mit Nutzerdaten finden Sie in unserer Datenschutzerkl\u00e4rung.<\/span><\/label><\/span><\/span><\/span>\n<\/p>\n<p><input class=\"wpcf7-form-control wpcf7-submit has-spinner\" type=\"submit\" value=\"Senden\" \/>\n<\/p><div class=\"wpcf7-response-output\" aria-hidden=\"true\"><\/div>\n<\/form>\n<\/div>\n<\/div>\n","protected":false},"excerpt":{"rendered":"<p>Fragen?<\/p>\n","protected":false},"author":1,"featured_media":2459,"parent":0,"menu_order":0,"comment_status":"closed","ping_status":"closed","template":"","meta":{"_crdt_document":"","_uag_custom_page_level_css":"","footnotes":""},"class_list":["post-2858","page","type-page","status-publish","has-post-thumbnail","hentry"],"uagb_featured_image_src":{"full":["https:\/\/www.loewensonne.de\/wordpress\/wp-content\/uploads\/Loewensonne-Emulsion-Anwendung-web.jpg",1280,720,false],"thumbnail":["https:\/\/www.loewensonne.de\/wordpress\/wp-content\/uploads\/Loewensonne-Emulsion-Anwendung-web-150x150.jpg",150,150,true],"medium":["https:\/\/www.loewensonne.de\/wordpress\/wp-content\/uploads\/Loewensonne-Emulsion-Anwendung-web-300x169.jpg",300,169,true],"medium_large":["https:\/\/www.loewensonne.de\/wordpress\/wp-content\/uploads\/Loewensonne-Emulsion-Anwendung-web-768x432.jpg",640,360,true],"large":["https:\/\/www.loewensonne.de\/wordpress\/wp-content\/uploads\/Loewensonne-Emulsion-Anwendung-web-1024x576.jpg",640,360,true],"1536x1536":["https:\/\/www.loewensonne.de\/wordpress\/wp-content\/uploads\/Loewensonne-Emulsion-Anwendung-web.jpg",1280,720,false],"2048x2048":["https:\/\/www.loewensonne.de\/wordpress\/wp-content\/uploads\/Loewensonne-Emulsion-Anwendung-web.jpg",1280,720,false],"mailpoet_newsletter_max":["https:\/\/www.loewensonne.de\/wordpress\/wp-content\/uploads\/Loewensonne-Emulsion-Anwendung-web.jpg",1280,720,false],"woocommerce_thumbnail":["https:\/\/www.loewensonne.de\/wordpress\/wp-content\/uploads\/Loewensonne-Emulsion-Anwendung-web-300x225.jpg",300,225,true],"woocommerce_single":["https:\/\/www.loewensonne.de\/wordpress\/wp-content\/uploads\/Loewensonne-Emulsion-Anwendung-web-600x338.jpg",600,338,true],"woocommerce_gallery_thumbnail":["https:\/\/www.loewensonne.de\/wordpress\/wp-content\/uploads\/Loewensonne-Emulsion-Anwendung-web-100x100.jpg",100,100,true]},"uagb_author_info":{"display_name":"Johannes","author_link":"https:\/\/www.loewensonne.de\/wordpress\/author\/der31tejuli\/"},"uagb_comment_info":0,"uagb_excerpt":"Fragen?","jetpack_sharing_enabled":true,"_links":{"self":[{"href":"https:\/\/www.loewensonne.de\/wordpress\/wp-json\/wp\/v2\/pages\/2858","targetHints":{"allow":["GET"]}}],"collection":[{"href":"https:\/\/www.loewensonne.de\/wordpress\/wp-json\/wp\/v2\/pages"}],"about":[{"href":"https:\/\/www.loewensonne.de\/wordpress\/wp-json\/wp\/v2\/types\/page"}],"author":[{"embeddable":true,"href":"https:\/\/www.loewensonne.de\/wordpress\/wp-json\/wp\/v2\/users\/1"}],"replies":[{"embeddable":true,"href":"https:\/\/www.loewensonne.de\/wordpress\/wp-json\/wp\/v2\/comments?post=2858"}],"version-history":[{"count":79,"href":"https:\/\/www.loewensonne.de\/wordpress\/wp-json\/wp\/v2\/pages\/2858\/revisions"}],"predecessor-version":[{"id":5952,"href":"https:\/\/www.loewensonne.de\/wordpress\/wp-json\/wp\/v2\/pages\/2858\/revisions\/5952"}],"wp:featuredmedia":[{"embeddable":true,"href":"https:\/\/www.loewensonne.de\/wordpress\/wp-json\/wp\/v2\/media\/2459"}],"wp:attachment":[{"href":"https:\/\/www.loewensonne.de\/wordpress\/wp-json\/wp\/v2\/media?parent=2858"}],"curies":[{"name":"wp","href":"https:\/\/api.w.org\/{rel}","templated":true}]}}