{"id":2675,"date":"2021-06-21T21:00:57","date_gmt":"2021-06-21T19:00:57","guid":{"rendered":"https:\/\/www.loewensonne.de\/?page_id=2675"},"modified":"2022-05-12T12:30:28","modified_gmt":"2022-05-12T10:30:28","slug":"das-johanniskraut","status":"publish","type":"page","link":"https:\/\/www.loewensonne.de\/wordpress\/das-johanniskraut\/","title":{"rendered":"Das Johanniskraut"},"content":{"rendered":"\n<div style=\"height:100px\" aria-hidden=\"true\" class=\"wp-block-spacer\"><\/div>\n\n\n\n<div class=\"wp-block-ainoblocks-grid-container\"><div class=\"wp-block-ainoblocks-grid-container__inner\">\n<div class=\"wp-block-ainoblocks-grid-item col_start_d__1 col_end_d__6 col_start_t__1 col_end_t__5 col_start_m__1 col_end_m__5 align-self__start justify-self__start no-stacking\">\n<figure class=\"wp-block-image size-full is-resized is-style-default\"><img decoding=\"async\" src=\"https:\/\/www.loewensonne.de\/wordpress\/wp-content\/uploads\/Das-path.svg_.png\" alt=\"\" class=\"wp-image-3008\" width=\"219\" height=\"107\" srcset=\"https:\/\/www.loewensonne.de\/wordpress\/wp-content\/uploads\/Das-path.svg_.png 1690w, https:\/\/www.loewensonne.de\/wordpress\/wp-content\/uploads\/Das-path.svg_-600x295.png 600w, https:\/\/www.loewensonne.de\/wordpress\/wp-content\/uploads\/Das-path.svg_-300x147.png 300w, https:\/\/www.loewensonne.de\/wordpress\/wp-content\/uploads\/Das-path.svg_-1024x503.png 1024w, https:\/\/www.loewensonne.de\/wordpress\/wp-content\/uploads\/Das-path.svg_-768x377.png 768w, https:\/\/www.loewensonne.de\/wordpress\/wp-content\/uploads\/Das-path.svg_-1536x754.png 1536w, https:\/\/www.loewensonne.de\/wordpress\/wp-content\/uploads\/Das-path.svg_-1500x737.png 1500w, https:\/\/www.loewensonne.de\/wordpress\/wp-content\/uploads\/Das-path.svg_-1320x648.png 1320w\" sizes=\"(max-width: 219px) 100vw, 219px\" \/><\/figure>\n<\/div>\n\n\n\n<div class=\"wp-block-ainoblocks-grid-item col_start_d__4 col_end_d__13 col_start_t__4 col_end_t__13 col_start_m__1 col_end_m__13 align-self__start justify-self__start no-stacking mt_d__-5 mb_m__0\">\n<figure class=\"wp-block-image size-full is-style-default\"><img fetchpriority=\"high\" decoding=\"async\" width=\"3178\" height=\"830\" src=\"https:\/\/www.loewensonne.de\/wordpress\/wp-content\/uploads\/johannis-kraut-path.png\" alt=\"\" class=\"wp-image-2742\" srcset=\"https:\/\/www.loewensonne.de\/wordpress\/wp-content\/uploads\/johannis-kraut-path.png 3178w, https:\/\/www.loewensonne.de\/wordpress\/wp-content\/uploads\/johannis-kraut-path-600x157.png 600w, https:\/\/www.loewensonne.de\/wordpress\/wp-content\/uploads\/johannis-kraut-path-300x78.png 300w, https:\/\/www.loewensonne.de\/wordpress\/wp-content\/uploads\/johannis-kraut-path-1024x267.png 1024w, https:\/\/www.loewensonne.de\/wordpress\/wp-content\/uploads\/johannis-kraut-path-768x201.png 768w, https:\/\/www.loewensonne.de\/wordpress\/wp-content\/uploads\/johannis-kraut-path-1536x401.png 1536w, https:\/\/www.loewensonne.de\/wordpress\/wp-content\/uploads\/johannis-kraut-path-2048x535.png 2048w, https:\/\/www.loewensonne.de\/wordpress\/wp-content\/uploads\/johannis-kraut-path-1500x392.png 1500w, https:\/\/www.loewensonne.de\/wordpress\/wp-content\/uploads\/johannis-kraut-path-1320x345.png 1320w\" sizes=\"(max-width: 3178px) 100vw, 3178px\" \/><\/figure>\n<\/div>\n<\/div><\/div>\n\n\n\n<div class=\"wp-block-cover alignfull is-light has-custom-content-position is-position-top-center\" style=\"min-height:90vh;aspect-ratio:unset;\"><span aria-hidden=\"true\" class=\"wp-block-cover__background has-white-background-color has-background-dim-0 has-background-dim\"><\/span><img decoding=\"async\" width=\"2000\" height=\"1333\" class=\"wp-block-cover__image-background wp-image-2688\" alt=\"\" src=\"https:\/\/www.loewensonne.de\/wordpress\/wp-content\/uploads\/Loewensonne-Johanniskrautpflanze-Bluete-Beginn-Juni-2020.jpg\" style=\"object-position:34% 36%\" data-object-fit=\"cover\" data-object-position=\"34% 36%\" srcset=\"https:\/\/www.loewensonne.de\/wordpress\/wp-content\/uploads\/Loewensonne-Johanniskrautpflanze-Bluete-Beginn-Juni-2020.jpg 2000w, https:\/\/www.loewensonne.de\/wordpress\/wp-content\/uploads\/Loewensonne-Johanniskrautpflanze-Bluete-Beginn-Juni-2020-600x400.jpg 600w, https:\/\/www.loewensonne.de\/wordpress\/wp-content\/uploads\/Loewensonne-Johanniskrautpflanze-Bluete-Beginn-Juni-2020-300x200.jpg 300w, https:\/\/www.loewensonne.de\/wordpress\/wp-content\/uploads\/Loewensonne-Johanniskrautpflanze-Bluete-Beginn-Juni-2020-1024x682.jpg 1024w, https:\/\/www.loewensonne.de\/wordpress\/wp-content\/uploads\/Loewensonne-Johanniskrautpflanze-Bluete-Beginn-Juni-2020-768x512.jpg 768w, https:\/\/www.loewensonne.de\/wordpress\/wp-content\/uploads\/Loewensonne-Johanniskrautpflanze-Bluete-Beginn-Juni-2020-1536x1024.jpg 1536w, https:\/\/www.loewensonne.de\/wordpress\/wp-content\/uploads\/Loewensonne-Johanniskrautpflanze-Bluete-Beginn-Juni-2020-1500x1000.jpg 1500w, https:\/\/www.loewensonne.de\/wordpress\/wp-content\/uploads\/Loewensonne-Johanniskrautpflanze-Bluete-Beginn-Juni-2020-1200x800.jpg 1200w, https:\/\/www.loewensonne.de\/wordpress\/wp-content\/uploads\/Loewensonne-Johanniskrautpflanze-Bluete-Beginn-Juni-2020-1320x880.jpg 1320w\" sizes=\"(max-width: 2000px) 100vw, 2000px\" \/><div class=\"wp-block-cover__inner-container is-layout-flow wp-block-cover-is-layout-flow\">\n<p class=\"has-text-align-center has-large-font-size wp-block-paragraph\"><\/p>\n<\/div><\/div>\n\n\n\n<div style=\"height:100px\" aria-hidden=\"true\" class=\"wp-block-spacer\"><\/div>\n\n\n\n<p class=\"has-xl-font-size wp-block-paragraph\">T\u00dcPFEL-JOHANNISKRAUT<\/p>\n\n\n\n<p class=\"pl__10 wp-block-paragraph\">auch T\u00fcpfel-Hartheu, L\u00f6cher-, Wund oder Fieberkraut, Waldhopf, Hexenkraut, Sonnenwendkraut, Johannis- oder Hergottsblut, weil fr\u00fcher in der Johannisnacht als Heilkraut und Mittel gegen Hexen, b\u00f6se Geister usw. gesammelt.<\/p>\n\n\n\n<p class=\"wp-block-paragraph\"><em>Hypericum perforatum<\/em> L.<\/p>\n\n\n\n<p class=\"wp-block-paragraph\"><em>Hyperikon<\/em> Name einer (anderen) Art der Gattung bei Dioskorides und plinius, von griech. <em>hypo<\/em> = unter und <em>ereike<\/em> = Heide (also \u201eauf der Heide wachsend\u201d); lat. <em>foramen<\/em> = Loch, <em>perforatus<\/em> = durchl\u00f6chert, wegen der durchscheinenden Blattdr\u00fcsen.<\/p>\n\n\n\n<div style=\"height:50px\" aria-hidden=\"true\" class=\"wp-block-spacer\"><\/div>\n\n\n\n<p class=\"wp-block-paragraph\">Bl\u00fctezeit Juni bis August.<\/p>\n\n\n\n<p class=\"wp-block-paragraph\">Ausdauernde Pflanze mit verzweigtem Wurzelstock und spindelf\u00f6rmigen Wurzeln, bis 60cm hoch, Stengel aufrecht, derb und kahl, rund, aber mit zwei gegen\u00fcberstehenden Leisten, oben \u00e4stig verzweigt. Bl\u00e4tter gegenst\u00e4ndig, klein, l\u00e4nglich eif\u00f6rmig, die der \u00c4ste schm\u00e4ler, durch feine, ein bitteres \u00d6l enthaltene, durchscheinende Dr\u00fcsen wie durchstochen punktiert. Bl\u00fcten regelm\u00e4\u00dfig (radi\u00e4r) gebaut, zu mehreren in einer Trugdolde, gro\u00df, in den gr\u00fcnen Kelch und die lebhaft goldgelb gef\u00e4rbte Krone gegliedert, beide kahl, aber mit schwarzen, strich- und punkt- f\u00f6rmigen Dr\u00fcsen, die einen beim Zerreiben frei werdenden roten (\u201eJohannisblut\u201d) enthalten. Kelchbl\u00e4tter f\u00fcnf, waagerecht abstehend, lanzettlich, spitz, doppelt so lang wie der Fruchtknoten, ganzrandig, selten am Rande schwach dr\u00fcsig gezahnt. Kronbl\u00e4tter f\u00fcnf, ebenfalls waagerecht abstehend, der Fruchtknoten mit drei Griffeln und kopff\u00f6rmigen Narben, Staubbl\u00e4tter zahlreich, die Staubf\u00e4den drei am Grunde verwachsene Gruppen bildend. Frucht eine dreif\u00e4cherige, nur bei trockenem Wetter offene, sich bei Regen aber wieder schlie\u00dfende Kapsel.<\/p>\n\n\n<div class=\"wp-block-image is-style-default\">\n<figure class=\"alignleft size-medium br-all__l pr__5\"><img loading=\"lazy\" decoding=\"async\" width=\"240\" height=\"300\" src=\"https:\/\/www.loewensonne.de\/wordpress\/wp-content\/uploads\/Loewensonne-Johanniskrautpflanze-Bluete-Qualitaet-Beginn-Juni-2020-240x300.jpg\" alt=\"\" class=\"wp-image-2759\" srcset=\"https:\/\/www.loewensonne.de\/wordpress\/wp-content\/uploads\/Loewensonne-Johanniskrautpflanze-Bluete-Qualitaet-Beginn-Juni-2020-240x300.jpg 240w, https:\/\/www.loewensonne.de\/wordpress\/wp-content\/uploads\/Loewensonne-Johanniskrautpflanze-Bluete-Qualitaet-Beginn-Juni-2020-600x750.jpg 600w, https:\/\/www.loewensonne.de\/wordpress\/wp-content\/uploads\/Loewensonne-Johanniskrautpflanze-Bluete-Qualitaet-Beginn-Juni-2020-819x1024.jpg 819w, https:\/\/www.loewensonne.de\/wordpress\/wp-content\/uploads\/Loewensonne-Johanniskrautpflanze-Bluete-Qualitaet-Beginn-Juni-2020-768x960.jpg 768w, https:\/\/www.loewensonne.de\/wordpress\/wp-content\/uploads\/Loewensonne-Johanniskrautpflanze-Bluete-Qualitaet-Beginn-Juni-2020.jpg 825w\" sizes=\"(max-width: 240px) 100vw, 240px\" \/><\/figure>\n<\/div>\n\n\n<p class=\"wp-block-paragraph\">Die Bl\u00fcten enthalten keinen Nektar, werden aber von Bl\u00fctenstaub sammelnden Insekten besucht. Bleibt dennoch Fremdbest\u00e4ubung aus, kann immer noch Selbstbest\u00e4ubung eintreten, da sich beim Abbl\u00fchen Staub- und Bl\u00fctenbl\u00e4tter nach innen zusammen- und \u00fcber die Narbe neigen.<\/p>\n\n\n\n<p class=\"wp-block-paragraph\">Sehr h\u00e4ufig und verbreitet an trockenen, sonnigen Standorten, auf Abh\u00e4ngen und Wiesen, an Weg-, Acker- und Waldr\u00e4ndern, von der Ebene bis ins Mittelgebirge und die subalpine Stufe.<\/p>\n\n\n\n<p class=\"wp-block-paragraph\">Allgemeine Verbreitung: In Europa nur n\u00f6rdlich des Polarkreises fehlend (so auch auf den Nordsee-Inseln), Kanarischen Inseln, Atlasl\u00e4nder, Westasien; in Ostasien, Nord- und S\u00fcdamerika, auch Australien und Neuseeland eingeschleppt.<\/p>\n\n\n\n<p class=\"wp-block-paragraph\">Bei uns noch weitere Arten,  u. a. das Gefleckte Johanniskraut (Hypericum maculatum CR.) mit vierkantigem Stengel und breit-stumpflichen Kelchbl\u00e4ttern, das Gefl\u00fcgelte Johanniskraut (<em>H. tetrapterum<\/em> FR.) mit vierfl\u00fcgeligem Stengel und spitzen Kelchbl\u00e4ttern, ferner das Behaarte Johanniskraut (<em>H. birsutum<\/em> L.) mit rundem. weichhaarigem Stengel und dr\u00fcsig gez\u00e4hnten Kelchbl\u00e4ttern.<\/p>\n\n\n\n<p class=\"wp-block-paragraph\">Das Johanniskraut, vor allem <em>H. perforatum<\/em>,  galten im Mittelalter als wichtige Heil- und zauberpflanzen; eine Aufkochung der Bl\u00e4tter lieferte das \u201eJohannis-\u00d6l\u201c, der rote, harzige Saft der Bl\u00fcten das \u201eJohannis-Blut\u201c. Das getrocknete bl\u00fchende Kraut wird noch heute gelegentlich verwendet bei Magen- und Darmerkrankungen (<em>Herba Hyperici<\/em>), auch wird daraus ein einreibemittel hergestellt.<\/p>\n\n\n\n<blockquote class=\"wp-block-quote has-text-align-left is-style-large pl__9 is-layout-flow wp-block-quote-is-layout-flow\"><p>Aus \u201eMitteleurop\u00e4ische Pflanzenwelt\u201c, bearbeitet von Prof. Dr. Richard Kr\u00e4usel, Kronen-Verlag<\/p><cite>Erich Cramer Hamburg<\/cite><\/blockquote>\n\n\n\n<div style=\"height:100px\" aria-hidden=\"true\" class=\"wp-block-spacer\"><\/div>\n\n\n<div class=\"wp-block-image is-style-default\">\n<figure class=\"aligncenter size-thumbnail is-resized\"><img loading=\"lazy\" decoding=\"async\" src=\"https:\/\/www.loewensonne.de\/wordpress\/wp-content\/uploads\/Loewensonne-Herb-1-150x150.png\" alt=\"\" class=\"wp-image-1334\" width=\"75\" height=\"75\" srcset=\"https:\/\/www.loewensonne.de\/wordpress\/wp-content\/uploads\/Loewensonne-Herb-1-150x150.png 150w, https:\/\/www.loewensonne.de\/wordpress\/wp-content\/uploads\/Loewensonne-Herb-1-100x100.png 100w, https:\/\/www.loewensonne.de\/wordpress\/wp-content\/uploads\/Loewensonne-Herb-1.png 254w\" sizes=\"(max-width: 75px) 100vw, 75px\" \/><\/figure>\n<\/div>\n\n\n<figure class=\"wp-block-video\"><video controls loop poster=\"https:\/\/www.loewensonne.de\/wordpress\/wp-content\/uploads\/Loewensonne-Johanniskraut-Flaneur-Juni-2021.jpg\" src=\"http:\/\/loewensonne.de\/misk\/Loewensonne-Johanniskraut-Flaneur-Juni-2021-720p-7.mp4\"><\/video><figcaption>Video: Streifzug durch das, am beginn seiner Bl\u00fctezeit stehende, Johanniskraut &#8211; im Juni 2021 ( 3:40min ) <\/figcaption><\/figure>\n\n\n\n<div style=\"height:100px\" aria-hidden=\"true\" class=\"wp-block-spacer\"><\/div>\n\n\n\n<div class=\"wp-block-ainoblocks-author\">\n<img decoding=\"async\" class=\"wp-block-ainoblocks-profile-image\" style=\"width:calc(40px + 0px * 2);border-radius:0%\" src=\"https:\/\/www.loewensonne.de\/wordpress\/wp-content\/uploads\/Loewensonne-Gruender.jpg\" alt=\"\"\/>\n<div class=\"wp-block-ainoblocks-author__text-wrapper\"><div class=\"wp-block-ainoblocks-author__author\"><span class=\"wp-block-ainoblocks-author__name\">Johannes<\/span><\/div><\/div><\/div>\n\n\n\n<div style=\"height:100px\" aria-hidden=\"true\" class=\"wp-block-spacer\"><\/div>\n","protected":false},"excerpt":{"rendered":"<p>T\u00dcPFEL-JOHANNISKRAUT auch T\u00fcpfel-Hartheu, L\u00f6cher-, Wund oder Fieberkraut, Waldhopf, Hexenkraut, Sonnenwendkraut, Johannis- oder Hergottsblut, weil fr\u00fcher in der Johannisnacht als Heilkraut und Mittel gegen Hexen, b\u00f6se Geister usw. gesammelt. Hypericum perforatum L. Hyperikon Name einer (anderen) Art der Gattung bei Dioskorides und plinius, von griech. hypo = unter und ereike = Heide (also \u201eauf der Heide [&hellip;]<\/p>\n","protected":false},"author":1,"featured_media":2676,"parent":0,"menu_order":0,"comment_status":"closed","ping_status":"closed","template":"","meta":{"_crdt_document":"","_uag_custom_page_level_css":"","footnotes":""},"class_list":["post-2675","page","type-page","status-publish","has-post-thumbnail","hentry"],"uagb_featured_image_src":{"full":["https:\/\/www.loewensonne.de\/wordpress\/wp-content\/uploads\/Loewensonne-Johanniskraut-Flaneur-Juni-2021.jpg",1280,720,false],"thumbnail":["https:\/\/www.loewensonne.de\/wordpress\/wp-content\/uploads\/Loewensonne-Johanniskraut-Flaneur-Juni-2021-150x150.jpg",150,150,true],"medium":["https:\/\/www.loewensonne.de\/wordpress\/wp-content\/uploads\/Loewensonne-Johanniskraut-Flaneur-Juni-2021-300x169.jpg",300,169,true],"medium_large":["https:\/\/www.loewensonne.de\/wordpress\/wp-content\/uploads\/Loewensonne-Johanniskraut-Flaneur-Juni-2021-768x432.jpg",640,360,true],"large":["https:\/\/www.loewensonne.de\/wordpress\/wp-content\/uploads\/Loewensonne-Johanniskraut-Flaneur-Juni-2021-1024x576.jpg",640,360,true],"1536x1536":["https:\/\/www.loewensonne.de\/wordpress\/wp-content\/uploads\/Loewensonne-Johanniskraut-Flaneur-Juni-2021.jpg",1280,720,false],"2048x2048":["https:\/\/www.loewensonne.de\/wordpress\/wp-content\/uploads\/Loewensonne-Johanniskraut-Flaneur-Juni-2021.jpg",1280,720,false],"mailpoet_newsletter_max":["https:\/\/www.loewensonne.de\/wordpress\/wp-content\/uploads\/Loewensonne-Johanniskraut-Flaneur-Juni-2021.jpg",1280,720,false],"woocommerce_thumbnail":["https:\/\/www.loewensonne.de\/wordpress\/wp-content\/uploads\/Loewensonne-Johanniskraut-Flaneur-Juni-2021-300x225.jpg",300,225,true],"woocommerce_single":["https:\/\/www.loewensonne.de\/wordpress\/wp-content\/uploads\/Loewensonne-Johanniskraut-Flaneur-Juni-2021-600x338.jpg",600,338,true],"woocommerce_gallery_thumbnail":["https:\/\/www.loewensonne.de\/wordpress\/wp-content\/uploads\/Loewensonne-Johanniskraut-Flaneur-Juni-2021-100x100.jpg",100,100,true]},"uagb_author_info":{"display_name":"Johannes","author_link":"https:\/\/www.loewensonne.de\/wordpress\/author\/der31tejuli\/"},"uagb_comment_info":0,"uagb_excerpt":"T\u00dcPFEL-JOHANNISKRAUT auch T\u00fcpfel-Hartheu, L\u00f6cher-, Wund oder Fieberkraut, Waldhopf, Hexenkraut, Sonnenwendkraut, Johannis- oder Hergottsblut, weil fr\u00fcher in der Johannisnacht als Heilkraut und Mittel gegen Hexen, b\u00f6se Geister usw. gesammelt. Hypericum perforatum L. Hyperikon Name einer (anderen) Art der Gattung bei Dioskorides und plinius, von griech. hypo = unter und ereike = Heide (also \u201eauf der Heide&hellip;","jetpack_sharing_enabled":true,"_links":{"self":[{"href":"https:\/\/www.loewensonne.de\/wordpress\/wp-json\/wp\/v2\/pages\/2675","targetHints":{"allow":["GET"]}}],"collection":[{"href":"https:\/\/www.loewensonne.de\/wordpress\/wp-json\/wp\/v2\/pages"}],"about":[{"href":"https:\/\/www.loewensonne.de\/wordpress\/wp-json\/wp\/v2\/types\/page"}],"author":[{"embeddable":true,"href":"https:\/\/www.loewensonne.de\/wordpress\/wp-json\/wp\/v2\/users\/1"}],"replies":[{"embeddable":true,"href":"https:\/\/www.loewensonne.de\/wordpress\/wp-json\/wp\/v2\/comments?post=2675"}],"version-history":[{"count":57,"href":"https:\/\/www.loewensonne.de\/wordpress\/wp-json\/wp\/v2\/pages\/2675\/revisions"}],"predecessor-version":[{"id":4655,"href":"https:\/\/www.loewensonne.de\/wordpress\/wp-json\/wp\/v2\/pages\/2675\/revisions\/4655"}],"wp:featuredmedia":[{"embeddable":true,"href":"https:\/\/www.loewensonne.de\/wordpress\/wp-json\/wp\/v2\/media\/2676"}],"wp:attachment":[{"href":"https:\/\/www.loewensonne.de\/wordpress\/wp-json\/wp\/v2\/media?parent=2675"}],"curies":[{"name":"wp","href":"https:\/\/api.w.org\/{rel}","templated":true}]}}