{"id":1975,"date":"2021-02-07T13:53:22","date_gmt":"2021-02-07T12:53:22","guid":{"rendered":"https:\/\/www.loewensonne.de\/?page_id=1975"},"modified":"2022-01-26T13:23:40","modified_gmt":"2022-01-26T12:23:40","slug":"elementor-1975","status":"publish","type":"page","link":"https:\/\/www.loewensonne.de\/wordpress\/","title":{"rendered":"Startseite"},"content":{"rendered":"\t\t<div data-elementor-type=\"wp-page\" data-elementor-id=\"1975\" class=\"elementor elementor-1975\">\n\t\t\t\t\t\t<section class=\"elementor-section elementor-top-section elementor-element elementor-element-2d3ed18 elementor-section-height-min-height elementor-section-stretched elementor-section-boxed elementor-section-height-default elementor-section-items-middle\" data-id=\"2d3ed18\" data-element_type=\"section\" data-e-type=\"section\" data-settings=\"{&quot;stretch_section&quot;:&quot;section-stretched&quot;,&quot;background_background&quot;:&quot;classic&quot;}\">\n\t\t\t\t\t\t\t<div class=\"elementor-background-overlay\"><\/div>\n\t\t\t\t\t\t\t<div class=\"elementor-container elementor-column-gap-default\">\n\t\t\t\t\t<div class=\"elementor-column elementor-col-33 elementor-top-column elementor-element elementor-element-70521e0\" data-id=\"70521e0\" data-element_type=\"column\" data-e-type=\"column\">\n\t\t\t<div class=\"elementor-widget-wrap\">\n\t\t\t\t\t\t\t<\/div>\n\t\t<\/div>\n\t\t\t\t<div class=\"elementor-column elementor-col-33 elementor-top-column elementor-element elementor-element-9dd3980\" data-id=\"9dd3980\" data-element_type=\"column\" data-e-type=\"column\">\n\t\t\t<div class=\"elementor-widget-wrap\">\n\t\t\t\t\t\t\t<\/div>\n\t\t<\/div>\n\t\t\t\t<div class=\"elementor-column elementor-col-33 elementor-top-column elementor-element elementor-element-4db1563\" data-id=\"4db1563\" data-element_type=\"column\" data-e-type=\"column\">\n\t\t\t<div class=\"elementor-widget-wrap\">\n\t\t\t\t\t\t\t<\/div>\n\t\t<\/div>\n\t\t\t\t\t<\/div>\n\t\t<\/section>\n\t\t\t\t<section class=\"elementor-section elementor-top-section elementor-element elementor-element-431d24ec elementor-section-stretched elementor-section-content-top elementor-section-height-min-height elementor-section-boxed elementor-section-height-default elementor-section-items-middle\" data-id=\"431d24ec\" data-element_type=\"section\" data-e-type=\"section\" data-settings=\"{&quot;stretch_section&quot;:&quot;section-stretched&quot;,&quot;background_background&quot;:&quot;classic&quot;}\">\n\t\t\t\t\t\t\t<div class=\"elementor-background-overlay\"><\/div>\n\t\t\t\t\t\t\t<div class=\"elementor-container elementor-column-gap-default\">\n\t\t\t\t\t<div class=\"elementor-column elementor-col-100 elementor-top-column elementor-element elementor-element-42fd8e6e\" data-id=\"42fd8e6e\" data-element_type=\"column\" data-e-type=\"column\">\n\t\t\t<div class=\"elementor-widget-wrap elementor-element-populated\">\n\t\t\t\t\t\t<div class=\"elementor-element elementor-element-eae287d elementor-widget elementor-widget-image\" data-id=\"eae287d\" data-element_type=\"widget\" data-e-type=\"widget\" data-widget_type=\"image.default\">\n\t\t\t\t<div class=\"elementor-widget-container\">\n\t\t\t\t\t\t\t\t\t\t\t\t\t\t\t<img fetchpriority=\"high\" decoding=\"async\" width=\"425\" height=\"127\" src=\"https:\/\/www.loewensonne.de\/wordpress\/wp-content\/uploads\/Loewensonne-Hautoel-letter-425.png\" class=\"attachment-full size-full wp-image-4062\" alt=\"\" srcset=\"https:\/\/www.loewensonne.de\/wordpress\/wp-content\/uploads\/Loewensonne-Hautoel-letter-425.png 425w, https:\/\/www.loewensonne.de\/wordpress\/wp-content\/uploads\/Loewensonne-Hautoel-letter-425-300x90.png 300w\" sizes=\"(max-width: 425px) 100vw, 425px\" \/>\t\t\t\t\t\t\t\t\t\t\t\t\t\t\t<\/div>\n\t\t\t\t<\/div>\n\t\t\t\t<div class=\"elementor-element elementor-element-1936a5f4 elementor-position-top elementor-widget elementor-widget-image-box\" data-id=\"1936a5f4\" data-element_type=\"widget\" data-e-type=\"widget\" data-widget_type=\"image-box.default\">\n\t\t\t\t<div class=\"elementor-widget-container\">\n\t\t\t\t\t<div class=\"elementor-image-box-wrapper\"><figure class=\"elementor-image-box-img\"><img decoding=\"async\" width=\"332\" height=\"800\" src=\"https:\/\/www.loewensonne.de\/wordpress\/wp-content\/uploads\/Loewensonne-Johanniskrautoel-100ml-4-single.png\" class=\"attachment-full size-full wp-image-4063\" alt=\"\" srcset=\"https:\/\/www.loewensonne.de\/wordpress\/wp-content\/uploads\/Loewensonne-Johanniskrautoel-100ml-4-single.png 332w, https:\/\/www.loewensonne.de\/wordpress\/wp-content\/uploads\/Loewensonne-Johanniskrautoel-100ml-4-single-125x300.png 125w\" sizes=\"(max-width: 332px) 100vw, 332px\" \/><\/figure><div class=\"elementor-image-box-content\"><p class=\"elementor-image-box-description\">intensiv und kraftvoll - das Johanniskraut Haut\u00f6l von L\u00f6wensonne.<\/p><\/div><\/div>\t\t\t\t<\/div>\n\t\t\t\t<\/div>\n\t\t\t\t<div class=\"elementor-element elementor-element-2d436fd7 elementor-widget elementor-widget-text-editor\" data-id=\"2d436fd7\" data-element_type=\"widget\" data-e-type=\"widget\" data-widget_type=\"text-editor.default\">\n\t\t\t\t<div class=\"elementor-widget-container\">\n\t\t\t\t\t\t\t\t\t<p>in der 100ml Opal-Glasflasche<\/p>\t\t\t\t\t\t\t\t<\/div>\n\t\t\t\t<\/div>\n\t\t\t\t\t<\/div>\n\t\t<\/div>\n\t\t\t\t\t<\/div>\n\t\t<\/section>\n\t\t\t\t<section class=\"elementor-section elementor-top-section elementor-element elementor-element-a1d64f3 elementor-section-stretched elementor-section-content-middle elementor-section-height-min-height elementor-section-items-stretch elementor-section-boxed elementor-section-height-default\" data-id=\"a1d64f3\" data-element_type=\"section\" data-e-type=\"section\" data-settings=\"{&quot;stretch_section&quot;:&quot;section-stretched&quot;,&quot;background_background&quot;:&quot;classic&quot;}\">\n\t\t\t\t\t\t\t<div class=\"elementor-background-overlay\"><\/div>\n\t\t\t\t\t\t\t<div class=\"elementor-container elementor-column-gap-default\">\n\t\t\t\t\t<div class=\"elementor-column elementor-col-100 elementor-top-column elementor-element elementor-element-cd82899\" data-id=\"cd82899\" data-element_type=\"column\" data-e-type=\"column\">\n\t\t\t<div class=\"elementor-widget-wrap elementor-element-populated\">\n\t\t\t\t\t\t<div class=\"elementor-element elementor-element-231108b elementor-widget elementor-widget-image\" data-id=\"231108b\" data-element_type=\"widget\" data-e-type=\"widget\" data-widget_type=\"image.default\">\n\t\t\t\t<div class=\"elementor-widget-container\">\n\t\t\t\t\t\t\t\t\t\t\t\t\t\t\t<img decoding=\"async\" width=\"907\" height=\"425\" src=\"https:\/\/www.loewensonne.de\/wordpress\/wp-content\/uploads\/Loewensonne-Seife-letter-425-2.png\" class=\"attachment-full size-full wp-image-4075\" alt=\"\" srcset=\"https:\/\/www.loewensonne.de\/wordpress\/wp-content\/uploads\/Loewensonne-Seife-letter-425-2.png 907w, https:\/\/www.loewensonne.de\/wordpress\/wp-content\/uploads\/Loewensonne-Seife-letter-425-2-600x281.png 600w, https:\/\/www.loewensonne.de\/wordpress\/wp-content\/uploads\/Loewensonne-Seife-letter-425-2-300x141.png 300w, https:\/\/www.loewensonne.de\/wordpress\/wp-content\/uploads\/Loewensonne-Seife-letter-425-2-768x360.png 768w\" sizes=\"(max-width: 907px) 100vw, 907px\" \/>\t\t\t\t\t\t\t\t\t\t\t\t\t\t\t<\/div>\n\t\t\t\t<\/div>\n\t\t\t\t<div class=\"elementor-element elementor-element-8fcc9d7 elementor-position-top elementor-widget elementor-widget-image-box\" data-id=\"8fcc9d7\" data-element_type=\"widget\" data-e-type=\"widget\" data-widget_type=\"image-box.default\">\n\t\t\t\t<div class=\"elementor-widget-container\">\n\t\t\t\t\t<div class=\"elementor-image-box-wrapper\"><figure class=\"elementor-image-box-img\"><img loading=\"lazy\" decoding=\"async\" width=\"425\" height=\"283\" src=\"https:\/\/www.loewensonne.de\/wordpress\/wp-content\/uploads\/Loewensonne-Johanniskraut-Bluetenseife_004-425x283-1.png\" class=\"attachment-full size-full wp-image-4065\" alt=\"\" srcset=\"https:\/\/www.loewensonne.de\/wordpress\/wp-content\/uploads\/Loewensonne-Johanniskraut-Bluetenseife_004-425x283-1.png 425w, https:\/\/www.loewensonne.de\/wordpress\/wp-content\/uploads\/Loewensonne-Johanniskraut-Bluetenseife_004-425x283-1-300x200.png 300w\" sizes=\"(max-width: 425px) 100vw, 425px\" \/><\/figure><div class=\"elementor-image-box-content\"><p class=\"elementor-image-box-description\">Johanniskraut Seife mit Rot\u00f6l - r\u00fcckfettend ohne Duftstoffe - f\u00fcr empfindliche H\u00e4nde<\/p><\/div><\/div>\t\t\t\t<\/div>\n\t\t\t\t<\/div>\n\t\t\t\t<div class=\"elementor-element elementor-element-8e3b525 elementor-widget elementor-widget-text-editor\" data-id=\"8e3b525\" data-element_type=\"widget\" data-e-type=\"widget\" data-widget_type=\"text-editor.default\">\n\t\t\t\t<div class=\"elementor-widget-container\">\n\t\t\t\t\t\t\t\t\t<p>100g St\u00fcck<\/p>\t\t\t\t\t\t\t\t<\/div>\n\t\t\t\t<\/div>\n\t\t\t\t\t<\/div>\n\t\t<\/div>\n\t\t\t\t\t<\/div>\n\t\t<\/section>\n\t\t\t\t<section class=\"elementor-section elementor-top-section elementor-element elementor-element-b89f950 elementor-section-height-min-height elementor-section-stretched elementor-section-boxed elementor-section-height-default elementor-section-items-middle\" data-id=\"b89f950\" data-element_type=\"section\" data-e-type=\"section\" data-settings=\"{&quot;stretch_section&quot;:&quot;section-stretched&quot;}\">\n\t\t\t\t\t\t<div class=\"elementor-container elementor-column-gap-default\">\n\t\t\t\t\t<div class=\"elementor-column elementor-col-100 elementor-top-column elementor-element elementor-element-25038b6\" data-id=\"25038b6\" data-element_type=\"column\" data-e-type=\"column\">\n\t\t\t<div class=\"elementor-widget-wrap elementor-element-populated\">\n\t\t\t\t\t\t<div class=\"elementor-element elementor-element-1c11701 elementor-widget__width-auto elementor-widget elementor-widget-image\" data-id=\"1c11701\" data-element_type=\"widget\" data-e-type=\"widget\" data-widget_type=\"image.default\">\n\t\t\t\t<div class=\"elementor-widget-container\">\n\t\t\t\t\t\t\t\t\t\t\t\t\t\t\t<img loading=\"lazy\" decoding=\"async\" width=\"640\" height=\"204\" src=\"https:\/\/www.loewensonne.de\/wordpress\/wp-content\/uploads\/Loewensonne-Logo-Kaligrafie-Schriftzug-1024x327.png\" class=\"attachment-large size-large wp-image-2089\" alt=\"\" srcset=\"https:\/\/www.loewensonne.de\/wordpress\/wp-content\/uploads\/Loewensonne-Logo-Kaligrafie-Schriftzug-1024x327.png 1024w, https:\/\/www.loewensonne.de\/wordpress\/wp-content\/uploads\/Loewensonne-Logo-Kaligrafie-Schriftzug-600x191.png 600w, https:\/\/www.loewensonne.de\/wordpress\/wp-content\/uploads\/Loewensonne-Logo-Kaligrafie-Schriftzug-300x96.png 300w, https:\/\/www.loewensonne.de\/wordpress\/wp-content\/uploads\/Loewensonne-Logo-Kaligrafie-Schriftzug-768x245.png 768w, https:\/\/www.loewensonne.de\/wordpress\/wp-content\/uploads\/Loewensonne-Logo-Kaligrafie-Schriftzug-1536x490.png 1536w, https:\/\/www.loewensonne.de\/wordpress\/wp-content\/uploads\/Loewensonne-Logo-Kaligrafie-Schriftzug-2048x653.png 2048w, https:\/\/www.loewensonne.de\/wordpress\/wp-content\/uploads\/Loewensonne-Logo-Kaligrafie-Schriftzug-1500x479.png 1500w, https:\/\/www.loewensonne.de\/wordpress\/wp-content\/uploads\/Loewensonne-Logo-Kaligrafie-Schriftzug-1320x421.png 1320w\" sizes=\"(max-width: 640px) 100vw, 640px\" \/>\t\t\t\t\t\t\t\t\t\t\t\t\t\t\t<\/div>\n\t\t\t\t<\/div>\n\t\t\t\t<section class=\"elementor-section elementor-inner-section elementor-element elementor-element-77de4ff elementor-section-boxed elementor-section-height-default elementor-section-height-default\" data-id=\"77de4ff\" data-element_type=\"section\" data-e-type=\"section\">\n\t\t\t\t\t\t<div class=\"elementor-container elementor-column-gap-default\">\n\t\t\t\t\t<div class=\"elementor-column elementor-col-50 elementor-inner-column elementor-element elementor-element-f8eb149\" data-id=\"f8eb149\" data-element_type=\"column\" data-e-type=\"column\">\n\t\t\t<div class=\"elementor-widget-wrap elementor-element-populated\">\n\t\t\t\t\t\t<div class=\"elementor-element elementor-element-38757e2 elementor-widget elementor-widget-text-editor\" data-id=\"38757e2\" data-element_type=\"widget\" data-e-type=\"widget\" data-widget_type=\"text-editor.default\">\n\t\t\t\t<div class=\"elementor-widget-container\">\n\t\t\t\t\t\t\t\t\t<p>Die Sonne als Zentrum unseres Sonnensystems versorgt unseren Planeten Erde mit Energie, Licht und W\u00e4rme. Ohne ihre Strahlkraft g\u00e4be es kein Leben. Wenn im Hochsommer die Sonne im Tierkreiszeichen L\u00f6we steht wirken diese Kr\u00e4fte am st\u00e4rksten. Das Sonnenlicht vitalisiert und weckt unsere Lebenslust, der K\u00f6rper tankt auf und das Immunsystem bekommt einen positiven Impuls.<\/p>\t\t\t\t\t\t\t\t<\/div>\n\t\t\t\t<\/div>\n\t\t\t\t\t<\/div>\n\t\t<\/div>\n\t\t\t\t<div class=\"elementor-column elementor-col-50 elementor-inner-column elementor-element elementor-element-e3d92c3\" data-id=\"e3d92c3\" data-element_type=\"column\" data-e-type=\"column\">\n\t\t\t<div class=\"elementor-widget-wrap elementor-element-populated\">\n\t\t\t\t\t\t<div class=\"elementor-element elementor-element-a7f9905 elementor-widget elementor-widget-text-editor\" data-id=\"a7f9905\" data-element_type=\"widget\" data-e-type=\"widget\" data-widget_type=\"text-editor.default\">\n\t\t\t\t<div class=\"elementor-widget-container\">\n\t\t\t\t\t\t\t\t\t<p>In den Produkten von L\u00f6wensonne ist diese Lichtenergie gespeichert. Durch die Anwendung unserer Produkte stehen uns diese solaren Kr\u00e4fte &#8211; vorallem in der kalten Jahreszeit bereit &#8211; uns zu w\u00e4rmen und zu verw\u00f6hnen.<\/p>\t\t\t\t\t\t\t\t<\/div>\n\t\t\t\t<\/div>\n\t\t\t\t\t<\/div>\n\t\t<\/div>\n\t\t\t\t\t<\/div>\n\t\t<\/section>\n\t\t\t\t\t<\/div>\n\t\t<\/div>\n\t\t\t\t\t<\/div>\n\t\t<\/section>\n\t\t\t\t<section class=\"elementor-section elementor-top-section elementor-element elementor-element-84f77b0 elementor-section-height-min-height elementor-section-stretched elementor-section-boxed elementor-section-height-default elementor-section-items-middle\" data-id=\"84f77b0\" data-element_type=\"section\" data-e-type=\"section\" data-settings=\"{&quot;stretch_section&quot;:&quot;section-stretched&quot;,&quot;background_background&quot;:&quot;classic&quot;}\">\n\t\t\t\t\t\t\t<div class=\"elementor-background-overlay\"><\/div>\n\t\t\t\t\t\t\t<div class=\"elementor-container elementor-column-gap-default\">\n\t\t\t\t\t<div class=\"elementor-column elementor-col-50 elementor-top-column elementor-element elementor-element-dd27dc0\" data-id=\"dd27dc0\" data-element_type=\"column\" data-e-type=\"column\">\n\t\t\t<div class=\"elementor-widget-wrap elementor-element-populated\">\n\t\t\t\t\t\t<div class=\"elementor-element elementor-element-bb7f362 elementor-widget elementor-widget-heading\" data-id=\"bb7f362\" data-element_type=\"widget\" data-e-type=\"widget\" data-widget_type=\"heading.default\">\n\t\t\t\t<div class=\"elementor-widget-container\">\n\t\t\t\t\t<h2 class=\"elementor-heading-title elementor-size-default\">Kontakt<\/h2>\t\t\t\t<\/div>\n\t\t\t\t<\/div>\n\t\t\t\t<div class=\"elementor-element elementor-element-79e6305 elementor-widget elementor-widget-text-editor\" data-id=\"79e6305\" data-element_type=\"widget\" data-e-type=\"widget\" data-widget_type=\"text-editor.default\">\n\t\t\t\t<div class=\"elementor-widget-container\">\n\t\t\t\t\t\t\t\t\t\n<div class=\"wpcf7 no-js\" id=\"wpcf7-f51-o1\" lang=\"de-DE\" dir=\"ltr\" data-wpcf7-id=\"51\">\n<div class=\"screen-reader-response\"><p role=\"status\" aria-live=\"polite\" aria-atomic=\"true\"><\/p> <ul><\/ul><\/div>\n<form action=\"\/wordpress\/wp-json\/wp\/v2\/pages\/1975#wpcf7-f51-o1\" method=\"post\" class=\"wpcf7-form init\" aria-label=\"Kontaktformular\" novalidate=\"novalidate\" data-status=\"init\">\n<fieldset class=\"hidden-fields-container\"><input type=\"hidden\" name=\"_wpcf7\" value=\"51\" \/><input type=\"hidden\" name=\"_wpcf7_version\" value=\"6.1.5\" \/><input type=\"hidden\" name=\"_wpcf7_locale\" value=\"de_DE\" \/><input type=\"hidden\" name=\"_wpcf7_unit_tag\" value=\"wpcf7-f51-o1\" \/><input type=\"hidden\" name=\"_wpcf7_container_post\" value=\"0\" \/><input type=\"hidden\" name=\"_wpcf7_posted_data_hash\" value=\"\" \/>\n<\/fieldset>\n<p><label> Dein Name (Pflichtfeld)<br \/>\n<span class=\"wpcf7-form-control-wrap\" data-name=\"your-name\"><input size=\"40\" maxlength=\"400\" class=\"wpcf7-form-control wpcf7-text wpcf7-validates-as-required\" aria-required=\"true\" aria-invalid=\"false\" value=\"\" type=\"text\" name=\"your-name\" \/><\/span> <\/label><br \/>\n<span id=\"wpcf7-69e7366f2b281-wrapper\" class=\"wpcf7-form-control-wrap first-name-wrap\" style=\"display:none !important; visibility:hidden !important;\"><label for=\"wpcf7-69e7366f2b281-field\" class=\"hp-message\">Bitte lasse dieses Feld leer.<\/label><input id=\"wpcf7-69e7366f2b281-field\"  class=\"wpcf7-form-control wpcf7-text\" type=\"text\" name=\"first-name\" value=\"\" size=\"40\" tabindex=\"-1\" autocomplete=\"new-password\" \/><\/span><br \/>\n<span id=\"wpcf7-69e7366f2b2e1-wrapper\" class=\"wpcf7-form-control-wrap last-name-wrap\" style=\"display:none !important; visibility:hidden !important;\"><label for=\"wpcf7-69e7366f2b2e1-field\" class=\"hp-message\">Bitte lasse dieses Feld leer.<\/label><input id=\"wpcf7-69e7366f2b2e1-field\"  class=\"wpcf7-form-control wpcf7-text\" type=\"text\" name=\"last-name\" value=\"\" size=\"40\" tabindex=\"-1\" autocomplete=\"new-password\" \/><\/span><br \/>\n<label> Deine E-Mail-Adresse (Pflichtfeld)<br \/>\n<span class=\"wpcf7-form-control-wrap\" data-name=\"your-email\"><input size=\"40\" maxlength=\"400\" class=\"wpcf7-form-control wpcf7-email wpcf7-validates-as-required wpcf7-text wpcf7-validates-as-email\" aria-required=\"true\" aria-invalid=\"false\" value=\"\" type=\"email\" name=\"your-email\" \/><\/span> <\/label>\n<\/p>\n<p><label> Deine Nachricht<br \/>\n<span class=\"wpcf7-form-control-wrap\" data-name=\"your-message\"><textarea cols=\"40\" rows=\"10\" maxlength=\"2000\" class=\"wpcf7-form-control wpcf7-textarea\" aria-invalid=\"false\" name=\"your-message\"><\/textarea><\/span> <\/label>\n<\/p>\n<p><span class=\"wpcf7-form-control-wrap\" data-name=\"acceptance-808\"><span class=\"wpcf7-form-control wpcf7-acceptance\"><span class=\"wpcf7-list-item\"><label><input type=\"checkbox\" name=\"acceptance-808\" value=\"1\" aria-invalid=\"false\" \/><span class=\"wpcf7-list-item-label\">Ich stimme zu, dass meine Angaben aus dem Kontaktformular zur Beantwortung meiner Anfrage erhoben und verarbeitet werden. Die Daten werden nach abgeschlossener Bearbeitung Ihrer Anfrage gel\u00f6scht. Hinweis: Sie k\u00f6nnen Ihre Einwilligung jederzeit f\u00fcr die Zukunft per E-Mail widerrufen. Detaillierte Informationen zum Umgang mit Nutzerdaten finden Sie in unserer Datenschutzerkl\u00e4rung.<\/span><\/label><\/span><\/span><\/span>\n<\/p>\n<p><input class=\"wpcf7-form-control wpcf7-submit has-spinner\" type=\"submit\" value=\"Senden\" \/>\n<\/p><div class=\"wpcf7-response-output\" aria-hidden=\"true\"><\/div>\n<\/form>\n<\/div>\n\t\t\t\t\t\t\t\t<\/div>\n\t\t\t\t<\/div>\n\t\t\t\t\t<\/div>\n\t\t<\/div>\n\t\t\t\t<div class=\"elementor-column elementor-col-50 elementor-top-column elementor-element elementor-element-bb17243\" data-id=\"bb17243\" data-element_type=\"column\" data-e-type=\"column\" data-settings=\"{&quot;background_background&quot;:&quot;classic&quot;}\">\n\t\t\t<div class=\"elementor-widget-wrap elementor-element-populated\">\n\t\t\t\t\t\t<div class=\"elementor-element elementor-element-66164ae elementor-align-left elementor-widget elementor-widget-button\" data-id=\"66164ae\" data-element_type=\"widget\" data-e-type=\"widget\" data-widget_type=\"button.default\">\n\t\t\t\t<div class=\"elementor-widget-container\">\n\t\t\t\t\t\t\t\t\t<div class=\"elementor-button-wrapper\">\n\t\t\t\t\t<a class=\"elementor-button elementor-button-link elementor-size-lg\" href=\"#\">\n\t\t\t\t\t\t<span class=\"elementor-button-content-wrapper\">\n\t\t\t\t\t\t\t\t\t<span class=\"elementor-button-text\">Johannes Molnar<\/span>\n\t\t\t\t\t<\/span>\n\t\t\t\t\t<\/a>\n\t\t\t\t<\/div>\n\t\t\t\t\t\t\t\t<\/div>\n\t\t\t\t<\/div>\n\t\t\t\t<div class=\"elementor-element elementor-element-21b1288 elementor-align-left elementor-widget elementor-widget-button\" data-id=\"21b1288\" data-element_type=\"widget\" data-e-type=\"widget\" data-widget_type=\"button.default\">\n\t\t\t\t<div class=\"elementor-widget-container\">\n\t\t\t\t\t\t\t\t\t<div class=\"elementor-button-wrapper\">\n\t\t\t\t\t<a class=\"elementor-button elementor-button-link elementor-size-lg\" href=\"#\">\n\t\t\t\t\t\t<span class=\"elementor-button-content-wrapper\">\n\t\t\t\t\t\t<span class=\"elementor-button-icon\">\n\t\t\t\t<i aria-hidden=\"true\" class=\"fas fa-map-marker-alt\"><\/i>\t\t\t<\/span>\n\t\t\t\t\t\t\t\t\t<span class=\"elementor-button-text\">Ober-Ramst\u00e4dter Stra\u00dfe 96, 64367 M\u00fchltal<\/span>\n\t\t\t\t\t<\/span>\n\t\t\t\t\t<\/a>\n\t\t\t\t<\/div>\n\t\t\t\t\t\t\t\t<\/div>\n\t\t\t\t<\/div>\n\t\t\t\t\t<\/div>\n\t\t<\/div>\n\t\t\t\t\t<\/div>\n\t\t<\/section>\n\t\t\t\t<\/div>\n\t\t","protected":false},"excerpt":{"rendered":"<p>intensiv und kraftvoll &#8211; das Johanniskraut Haut\u00f6l von L\u00f6wensonne. in der 100ml Opal-Glasflasche Johanniskraut Seife mit Rot\u00f6l &#8211; r\u00fcckfettend ohne Duftstoffe &#8211; f\u00fcr empfindliche H\u00e4nde 100g St\u00fcck Die Sonne als Zentrum unseres Sonnensystems versorgt unseren Planeten Erde mit Energie, Licht und W\u00e4rme. Ohne ihre Strahlkraft g\u00e4be es kein Leben. Wenn im Hochsommer die Sonne im [&hellip;]<\/p>\n","protected":false},"author":1,"featured_media":0,"parent":0,"menu_order":0,"comment_status":"closed","ping_status":"closed","template":"","meta":{"_crdt_document":"","_uag_custom_page_level_css":"","footnotes":""},"class_list":["post-1975","page","type-page","status-publish","hentry"],"uagb_featured_image_src":{"full":false,"thumbnail":false,"medium":false,"medium_large":false,"large":false,"1536x1536":false,"2048x2048":false,"mailpoet_newsletter_max":false,"woocommerce_thumbnail":false,"woocommerce_single":false,"woocommerce_gallery_thumbnail":false},"uagb_author_info":{"display_name":"Johannes","author_link":"https:\/\/www.loewensonne.de\/wordpress\/author\/der31tejuli\/"},"uagb_comment_info":14,"uagb_excerpt":"intensiv und kraftvoll &#8211; das Johanniskraut Haut\u00f6l von L\u00f6wensonne. in der 100ml Opal-Glasflasche Johanniskraut Seife mit Rot\u00f6l &#8211; r\u00fcckfettend ohne Duftstoffe &#8211; f\u00fcr empfindliche H\u00e4nde 100g St\u00fcck Die Sonne als Zentrum unseres Sonnensystems versorgt unseren Planeten Erde mit Energie, Licht und W\u00e4rme. Ohne ihre Strahlkraft g\u00e4be es kein Leben. Wenn im Hochsommer die Sonne im&hellip;","jetpack_sharing_enabled":true,"_links":{"self":[{"href":"https:\/\/www.loewensonne.de\/wordpress\/wp-json\/wp\/v2\/pages\/1975","targetHints":{"allow":["GET"]}}],"collection":[{"href":"https:\/\/www.loewensonne.de\/wordpress\/wp-json\/wp\/v2\/pages"}],"about":[{"href":"https:\/\/www.loewensonne.de\/wordpress\/wp-json\/wp\/v2\/types\/page"}],"author":[{"embeddable":true,"href":"https:\/\/www.loewensonne.de\/wordpress\/wp-json\/wp\/v2\/users\/1"}],"replies":[{"embeddable":true,"href":"https:\/\/www.loewensonne.de\/wordpress\/wp-json\/wp\/v2\/comments?post=1975"}],"version-history":[{"count":140,"href":"https:\/\/www.loewensonne.de\/wordpress\/wp-json\/wp\/v2\/pages\/1975\/revisions"}],"predecessor-version":[{"id":4078,"href":"https:\/\/www.loewensonne.de\/wordpress\/wp-json\/wp\/v2\/pages\/1975\/revisions\/4078"}],"wp:attachment":[{"href":"https:\/\/www.loewensonne.de\/wordpress\/wp-json\/wp\/v2\/media?parent=1975"}],"curies":[{"name":"wp","href":"https:\/\/api.w.org\/{rel}","templated":true}]}}